{"id":112,"date":"2025-09-04T16:24:47","date_gmt":"2025-09-04T16:24:47","guid":{"rendered":"https:\/\/lavillamatta.it\/galleria\/"},"modified":"2026-01-23T15:22:19","modified_gmt":"2026-01-23T15:22:19","slug":"galleria","status":"publish","type":"page","link":"https:\/\/lavillamatta.it\/en\/galleria\/","title":{"rendered":"gallery"},"content":{"rendered":"<div class=\"wp-block-group alignfull has-background-background-color has-background has-global-padding is-layout-constrained wp-container-core-group-is-layout-7276a2bb wp-block-group-is-layout-constrained\" id=\"galleria\" style=\"margin-top:0;margin-bottom:0;padding-top:var(--wp--preset--spacing--60);padding-right:var(--wp--preset--spacing--30);padding-bottom:var(--wp--preset--spacing--60);padding-left:var(--wp--preset--spacing--30)\">\n<div class=\"wp-block-group alignwide is-vertical is-layout-flex wp-container-core-group-is-layout-fe9cc265 wp-block-group-is-layout-flex\">\n<div class=\"wp-block-group alignwide has-global-padding is-content-justification-left is-layout-constrained wp-container-core-group-is-layout-8b4c372c wp-block-group-is-layout-constrained\">\n<h2 class=\"wp-block-heading has-large-font-size\">Discover the authentic magic of Salento with laVillaMatta<\/h2>\n\n\n\n<p class=\"has-medium-font-size\" style=\"margin-top:16px\">This is our home, told without filters.<\/p>\n\n\n\n<p class=\"has-text-align-left has-small-font-size\">We know we\u2019re not perfect, and that\u2019s okay. We don\u2019t chase trends or add design pieces that would strip the villa of its soul. We prefer to show it for what it truly is: authentic, lived-in, and real. The photos are not retouched, because we believe respect for our guests begins with honesty.<\/p>\n<\/div>\n\n\n\n<figure class=\"wp-block-gallery has-nested-images columns-8 is-cropped wp-block-gallery-21 is-layout-flex wp-block-gallery-is-layout-flex\" style=\"border-style:none;border-width:0px;border-top-left-radius:0px;border-top-right-radius:0px;border-bottom-left-radius:0px;border-bottom-right-radius:0px\">\n<figure class=\"wp-block-image size-thumbnail is-style-ext-preset--image--gradient-1--image-1--content-bottom is-style-ext-preset--image--gradient-1--image-1--content-bottom--1\"><a href=\"https:\/\/lavillamatta.it\/wp-content\/uploads\/2026\/01\/lavillamatta-salento-home-page-1.jpg\"><img loading=\"lazy\" decoding=\"async\" width=\"150\" height=\"150\" data-id=\"535\" src=\"https:\/\/lavillamatta.it\/wp-content\/uploads\/2026\/01\/lavillamatta-salento-home-page-1-150x150.jpg\" alt=\"\" class=\"wp-image-535\" style=\"aspect-ratio:4\/3\"\/><\/a><figcaption class=\"wp-element-caption\">outdoor space<\/figcaption><\/figure>\n\n\n\n<figure class=\"wp-block-image size-thumbnail is-style-ext-preset--image--gradient-1--image-1--content-bottom is-style-ext-preset--image--gradient-1--image-1--content-bottom--2\"><a href=\"https:\/\/lavillamatta.it\/wp-content\/uploads\/2026\/01\/lavillamatta-salento-veranda-2.jpeg\"><img loading=\"lazy\" decoding=\"async\" width=\"150\" height=\"150\" data-id=\"537\" src=\"https:\/\/lavillamatta.it\/wp-content\/uploads\/2026\/01\/lavillamatta-salento-veranda-2-150x150.jpeg\" alt=\"\" class=\"wp-image-537\" style=\"aspect-ratio:4\/3\"\/><\/a><figcaption class=\"wp-element-caption\">veranda<\/figcaption><\/figure>\n\n\n\n<figure class=\"wp-block-image size-thumbnail is-style-ext-preset--image--gradient-1--image-1--content-bottom is-style-ext-preset--image--gradient-1--image-1--content-bottom--3\"><a href=\"https:\/\/lavillamatta.it\/wp-content\/uploads\/2026\/01\/salone1-1.jpeg\"><img loading=\"lazy\" decoding=\"async\" width=\"150\" height=\"150\" data-id=\"541\" src=\"https:\/\/lavillamatta.it\/wp-content\/uploads\/2026\/01\/salone1-1-150x150.jpeg\" alt=\"\" class=\"wp-image-541\" style=\"aspect-ratio:4\/3\"\/><\/a><figcaption class=\"wp-element-caption\">lounge<\/figcaption><\/figure>\n\n\n\n<figure class=\"wp-block-image size-thumbnail is-style-ext-preset--image--gradient-1--image-1--content-bottom is-style-ext-preset--image--gradient-1--image-1--content-bottom--4\"><a href=\"https:\/\/lavillamatta.it\/wp-content\/uploads\/2026\/01\/salone2-1.jpeg\"><img loading=\"lazy\" decoding=\"async\" width=\"150\" height=\"150\" data-id=\"540\" src=\"https:\/\/lavillamatta.it\/wp-content\/uploads\/2026\/01\/salone2-1-150x150.jpeg\" alt=\"\" class=\"wp-image-540\" style=\"aspect-ratio:4\/3\"\/><\/a><figcaption class=\"wp-element-caption\">lounge<\/figcaption><\/figure>\n\n\n\n<figure class=\"wp-block-image size-thumbnail is-style-ext-preset--image--gradient-1--image-1--content-bottom is-style-ext-preset--image--gradient-1--image-1--content-bottom--5\"><a href=\"https:\/\/lavillamatta.it\/wp-content\/uploads\/2026\/01\/lavillamatta-salento-cucina2-2.jpeg\"><img loading=\"lazy\" decoding=\"async\" width=\"150\" height=\"150\" data-id=\"534\" src=\"https:\/\/lavillamatta.it\/wp-content\/uploads\/2026\/01\/lavillamatta-salento-cucina2-2-150x150.jpeg\" alt=\"\" class=\"wp-image-534\" style=\"aspect-ratio:4\/3\"\/><\/a><figcaption class=\"wp-element-caption\">kitchen<\/figcaption><\/figure>\n\n\n\n<figure class=\"wp-block-image size-thumbnail is-style-ext-preset--image--gradient-1--image-1--content-bottom is-style-ext-preset--image--gradient-1--image-1--content-bottom--6\"><a href=\"https:\/\/lavillamatta.it\/wp-content\/uploads\/2026\/01\/lavillamatta-salento-cucina-2.jpeg\"><img loading=\"lazy\" decoding=\"async\" width=\"150\" height=\"150\" data-id=\"533\" src=\"https:\/\/lavillamatta.it\/wp-content\/uploads\/2026\/01\/lavillamatta-salento-cucina-2-150x150.jpeg\" alt=\"\" class=\"wp-image-533\" style=\"aspect-ratio:4\/3\"\/><\/a><figcaption class=\"wp-element-caption\">kitchen<\/figcaption><\/figure>\n\n\n\n<figure class=\"wp-block-image size-thumbnail is-style-ext-preset--image--gradient-1--image-1--content-bottom is-style-ext-preset--image--gradient-1--image-1--content-bottom--7\"><a href=\"https:\/\/lavillamatta.it\/wp-content\/uploads\/2026\/01\/lavillamatta-salento-bagno-pt-2.jpeg\"><img loading=\"lazy\" decoding=\"async\" width=\"150\" height=\"150\" data-id=\"522\" src=\"https:\/\/lavillamatta.it\/wp-content\/uploads\/2026\/01\/lavillamatta-salento-bagno-pt-2-150x150.jpeg\" alt=\"\" class=\"wp-image-522\" style=\"aspect-ratio:4\/3\"\/><\/a><figcaption class=\"wp-element-caption\">bathroom<\/figcaption><\/figure>\n\n\n\n<figure class=\"wp-block-image size-thumbnail is-style-ext-preset--image--gradient-1--image-1--content-bottom is-style-ext-preset--image--gradient-1--image-1--content-bottom--8\"><a href=\"https:\/\/lavillamatta.it\/wp-content\/uploads\/2026\/01\/lavillamatta-salento-camera-matrimoniale-2dx3-3.jpeg\"><img loading=\"lazy\" decoding=\"async\" width=\"150\" height=\"150\" data-id=\"587\" src=\"https:\/\/lavillamatta.it\/wp-content\/uploads\/2026\/01\/lavillamatta-salento-camera-matrimoniale-2dx3-3-150x150.jpeg\" alt=\"\" class=\"wp-image-587\" style=\"aspect-ratio:4\/3\"\/><\/a><figcaption class=\"wp-element-caption\">double bedroom<\/figcaption><\/figure>\n\n\n\n<figure class=\"wp-block-image size-thumbnail is-style-ext-preset--image--gradient-1--image-1--content-bottom is-style-ext-preset--image--gradient-1--image-1--content-bottom--9\"><a href=\"https:\/\/lavillamatta.it\/wp-content\/uploads\/2026\/01\/lavillamatta-salento-camera-matrimoniale-2dx2-3.jpeg\"><img loading=\"lazy\" decoding=\"async\" width=\"150\" height=\"150\" data-id=\"588\" src=\"https:\/\/lavillamatta.it\/wp-content\/uploads\/2026\/01\/lavillamatta-salento-camera-matrimoniale-2dx2-3-150x150.jpeg\" alt=\"\" class=\"wp-image-588\" style=\"aspect-ratio:4\/3\"\/><\/a><figcaption class=\"wp-element-caption\">double bedroom<\/figcaption><\/figure>\n\n\n\n<figure class=\"wp-block-image size-thumbnail is-style-ext-preset--image--gradient-1--image-1--content-bottom is-style-ext-preset--image--gradient-1--image-1--content-bottom--10\"><a href=\"https:\/\/lavillamatta.it\/wp-content\/uploads\/2026\/01\/lavillamatta-salento-camera-matrimoniale-2sx2-1-scaled.jpg\"><img loading=\"lazy\" decoding=\"async\" width=\"150\" height=\"150\" data-id=\"526\" src=\"https:\/\/lavillamatta.it\/wp-content\/uploads\/2026\/01\/lavillamatta-salento-camera-matrimoniale-2sx2-1-150x150.jpg\" alt=\"\" class=\"wp-image-526\" style=\"aspect-ratio:4\/3\"\/><\/a><figcaption class=\"wp-element-caption\">double bedroom<\/figcaption><\/figure>\n\n\n\n<figure class=\"wp-block-image size-thumbnail is-style-ext-preset--image--gradient-1--image-1--content-bottom is-style-ext-preset--image--gradient-1--image-1--content-bottom--11\"><a href=\"https:\/\/lavillamatta.it\/wp-content\/uploads\/2026\/01\/lavillamatta-salento-camera-matrimoniale-dx-2.jpeg\"><img loading=\"lazy\" decoding=\"async\" width=\"150\" height=\"150\" data-id=\"528\" src=\"https:\/\/lavillamatta.it\/wp-content\/uploads\/2026\/01\/lavillamatta-salento-camera-matrimoniale-dx-2-150x150.jpeg\" alt=\"\" class=\"wp-image-528\" style=\"aspect-ratio:4\/3\"\/><\/a><figcaption class=\"wp-element-caption\">double bedroom<\/figcaption><\/figure>\n\n\n\n<figure class=\"wp-block-image size-thumbnail is-style-ext-preset--image--gradient-1--image-1--content-bottom is-style-ext-preset--image--gradient-1--image-1--content-bottom--12\"><a href=\"https:\/\/lavillamatta.it\/wp-content\/uploads\/2026\/01\/lavillamatta-salento-camera-matrimoniale-sx2-2.jpeg\"><img loading=\"lazy\" decoding=\"async\" width=\"150\" height=\"150\" data-id=\"530\" src=\"https:\/\/lavillamatta.it\/wp-content\/uploads\/2026\/01\/lavillamatta-salento-camera-matrimoniale-sx2-2-150x150.jpeg\" alt=\"\" class=\"wp-image-530\" style=\"aspect-ratio:4\/3\"\/><\/a><figcaption class=\"wp-element-caption\">double bedroom<\/figcaption><\/figure>\n\n\n\n<figure class=\"wp-block-image size-thumbnail is-style-ext-preset--image--gradient-1--image-1--content-bottom is-style-ext-preset--image--gradient-1--image-1--content-bottom--13\"><a href=\"https:\/\/lavillamatta.it\/wp-content\/uploads\/2026\/01\/lavillamatta-salento-camera-matrimoniale-sx3-2.jpeg\"><img loading=\"lazy\" decoding=\"async\" width=\"150\" height=\"150\" data-id=\"529\" src=\"https:\/\/lavillamatta.it\/wp-content\/uploads\/2026\/01\/lavillamatta-salento-camera-matrimoniale-sx3-2-150x150.jpeg\" alt=\"\" class=\"wp-image-529\" style=\"aspect-ratio:4\/3\"\/><\/a><figcaption class=\"wp-element-caption\">double bedroom<\/figcaption><\/figure>\n\n\n\n<figure class=\"wp-block-image size-thumbnail is-style-ext-preset--image--gradient-1--image-1--content-bottom is-style-ext-preset--image--gradient-1--image-1--content-bottom--14\"><a href=\"https:\/\/lavillamatta.it\/wp-content\/uploads\/2026\/01\/lavillamatta-salento-camera-matrimoniale-sx4-2.jpeg\"><img loading=\"lazy\" decoding=\"async\" width=\"150\" height=\"150\" data-id=\"532\" src=\"https:\/\/lavillamatta.it\/wp-content\/uploads\/2026\/01\/lavillamatta-salento-camera-matrimoniale-sx4-2-150x150.jpeg\" alt=\"\" class=\"wp-image-532\" style=\"aspect-ratio:4\/3\"\/><\/a><figcaption class=\"wp-element-caption\">double bedroom<\/figcaption><\/figure>\n\n\n\n<figure class=\"wp-block-image size-thumbnail is-style-ext-preset--image--gradient-1--image-1--content-bottom is-style-ext-preset--image--gradient-1--image-1--content-bottom--15\"><a href=\"https:\/\/lavillamatta.it\/wp-content\/uploads\/2026\/01\/lavillamatta-salento-bagno-piano1-2.jpeg\"><img loading=\"lazy\" decoding=\"async\" width=\"150\" height=\"150\" data-id=\"521\" src=\"https:\/\/lavillamatta.it\/wp-content\/uploads\/2026\/01\/lavillamatta-salento-bagno-piano1-2-150x150.jpeg\" alt=\"\" class=\"wp-image-521\" style=\"aspect-ratio:4\/3\"\/><\/a><figcaption class=\"wp-element-caption\">bathroom <\/figcaption><\/figure>\n\n\n\n<figure class=\"wp-block-image size-thumbnail is-style-ext-preset--image--gradient-1--image-1--content-bottom is-style-ext-preset--image--gradient-1--image-1--content-bottom--16\"><a href=\"https:\/\/lavillamatta.it\/wp-content\/uploads\/2026\/01\/bagno2-1.jpeg\"><img loading=\"lazy\" decoding=\"async\" width=\"150\" height=\"150\" data-id=\"520\" src=\"https:\/\/lavillamatta.it\/wp-content\/uploads\/2026\/01\/bagno2-1-150x150.jpeg\" alt=\"\" class=\"wp-image-520\" style=\"aspect-ratio:4\/3\"\/><\/a><figcaption class=\"wp-element-caption\">bathroom<\/figcaption><\/figure>\n\n\n\n<figure class=\"wp-block-image size-thumbnail is-style-ext-preset--image--gradient-1--image-1--content-bottom is-style-ext-preset--image--gradient-1--image-1--content-bottom--17\"><a href=\"https:\/\/lavillamatta.it\/wp-content\/uploads\/2026\/01\/lavillamatta-salento-colazione-in-balcone-2.jpeg\"><img loading=\"lazy\" decoding=\"async\" width=\"150\" height=\"150\" data-id=\"531\" src=\"https:\/\/lavillamatta.it\/wp-content\/uploads\/2026\/01\/lavillamatta-salento-colazione-in-balcone-2-150x150.jpeg\" alt=\"\" class=\"wp-image-531\" style=\"aspect-ratio:4\/3\"\/><\/a><figcaption class=\"wp-element-caption\">balcony<\/figcaption><\/figure>\n\n\n\n<figure class=\"wp-block-image size-thumbnail is-style-ext-preset--image--gradient-1--image-1--content-bottom is-style-ext-preset--image--gradient-1--image-1--content-bottom--18\"><a href=\"https:\/\/lavillamatta.it\/wp-content\/uploads\/2026\/01\/lavillamatta-salento-panorama-2-scaled.jpg\"><img loading=\"lazy\" decoding=\"async\" width=\"150\" height=\"150\" data-id=\"539\" src=\"https:\/\/lavillamatta.it\/wp-content\/uploads\/2026\/01\/lavillamatta-salento-panorama-2-150x150.jpg\" alt=\"\" class=\"wp-image-539\" style=\"aspect-ratio:4\/3\"\/><\/a><figcaption class=\"wp-element-caption\">terrace view<\/figcaption><\/figure>\n\n\n\n<figure class=\"wp-block-image size-thumbnail is-style-ext-preset--image--gradient-1--image-1--content-bottom is-style-ext-preset--image--gradient-1--image-1--content-bottom--19\"><a href=\"https:\/\/lavillamatta.it\/wp-content\/uploads\/2026\/01\/lavillamatta-salento-spiaggia2-2.jpeg\"><img loading=\"lazy\" decoding=\"async\" width=\"150\" height=\"150\" data-id=\"536\" src=\"https:\/\/lavillamatta.it\/wp-content\/uploads\/2026\/01\/lavillamatta-salento-spiaggia2-2-150x150.jpeg\" alt=\"\" class=\"wp-image-536\" style=\"aspect-ratio:4\/3\"\/><\/a><figcaption class=\"wp-element-caption\">public beach<\/figcaption><\/figure>\n\n\n\n<figure class=\"wp-block-image size-thumbnail is-style-ext-preset--image--gradient-1--image-1--content-bottom is-style-ext-preset--image--gradient-1--image-1--content-bottom--20\"><a href=\"https:\/\/lavillamatta.it\/wp-content\/uploads\/2026\/01\/lavillamatta-salento-spiaggia4-2.jpeg\"><img loading=\"lazy\" decoding=\"async\" width=\"150\" height=\"150\" data-id=\"538\" src=\"https:\/\/lavillamatta.it\/wp-content\/uploads\/2026\/01\/lavillamatta-salento-spiaggia4-2-150x150.jpeg\" alt=\"\" class=\"wp-image-538\" style=\"aspect-ratio:4\/3\"\/><\/a><figcaption class=\"wp-element-caption\">public beach<\/figcaption><\/figure>\n<\/figure>\n<\/div>\n<\/div>","protected":false},"excerpt":{"rendered":"<p>Scopri con laVillaMatta la magia autentica del Salento. Questa \u00e8 la nostra casa, raccontata senza filtri. Sappiamo di non essere perfetti, e va bene cos\u00ec. Non inseguiamo mode n\u00e9 oggetti di design che snaturano l\u2019anima della villa. Preferiamo mostrarla per ci\u00f2 che \u00e8: autentica, vissuta, vera. Le foto non sono ritoccate, perch\u00e9 crediamo che il [&hellip;]<\/p>\n","protected":false},"author":1,"featured_media":0,"parent":0,"menu_order":0,"comment_status":"closed","ping_status":"closed","template":"page-with-title","meta":{"footnotes":""},"class_list":["post-112","page","type-page","status-publish","hentry"],"aioseo_notices":[],"_links":{"self":[{"href":"https:\/\/lavillamatta.it\/en\/wp-json\/wp\/v2\/pages\/112","targetHints":{"allow":["GET"]}}],"collection":[{"href":"https:\/\/lavillamatta.it\/en\/wp-json\/wp\/v2\/pages"}],"about":[{"href":"https:\/\/lavillamatta.it\/en\/wp-json\/wp\/v2\/types\/page"}],"author":[{"embeddable":true,"href":"https:\/\/lavillamatta.it\/en\/wp-json\/wp\/v2\/users\/1"}],"replies":[{"embeddable":true,"href":"https:\/\/lavillamatta.it\/en\/wp-json\/wp\/v2\/comments?post=112"}],"version-history":[{"count":23,"href":"https:\/\/lavillamatta.it\/en\/wp-json\/wp\/v2\/pages\/112\/revisions"}],"predecessor-version":[{"id":592,"href":"https:\/\/lavillamatta.it\/en\/wp-json\/wp\/v2\/pages\/112\/revisions\/592"}],"wp:attachment":[{"href":"https:\/\/lavillamatta.it\/en\/wp-json\/wp\/v2\/media?parent=112"}],"curies":[{"name":"wp","href":"https:\/\/api.w.org\/{rel}","templated":true}]}}